{"id":25048,"date":"2018-11-06T19:39:52","date_gmt":"2018-11-06T18:39:52","guid":{"rendered":"https:\/\/dev.krullets.se\/about-podengo\/"},"modified":"2019-08-31T07:04:02","modified_gmt":"2019-08-31T05:04:02","slug":"about-podengo","status":"publish","type":"page","link":"https:\/\/krullets.se\/en\/about-podengo\/","title":{"rendered":"About Podengo"},"content":{"rendered":"<p>[et_pb_section fb_built=&#8221;1&#8243; admin_label=&#8221;section&#8221; _builder_version=&#8221;3.22&#8243; background_color=&#8221;#086600&#8243; fb_built=&#8221;1&#8243; _i=&#8221;0&#8243; _address=&#8221;0&#8243;][et_pb_row admin_label=&#8221;row&#8221; _builder_version=&#8221;3.25&#8243; background_size=&#8221;initial&#8221; background_position=&#8221;top_left&#8221; background_repeat=&#8221;repeat&#8221; _i=&#8221;0&#8243; _address=&#8221;0.0&#8243;][et_pb_column type=&#8221;4_4&#8243; _builder_version=&#8221;3.25&#8243; custom_padding=&#8221;|||&#8221; _i=&#8221;0&#8243; _address=&#8221;0.0.0&#8243; custom_padding__hover=&#8221;|||&#8221;][et_pb_text admin_label=&#8221;Text&#8221; _builder_version=&#8221;3.27.4&#8243; text_font=&#8221;||||||||&#8221; text_text_color=&#8221;#ffffff&#8221; header_font=&#8221;||||||||&#8221; header_text_color=&#8221;#ffffff&#8221; header_2_font=&#8221;||||||||&#8221; header_2_text_color=&#8221;#ffffff&#8221; header_3_font=&#8221;||||||||&#8221; header_3_text_color=&#8221;#ffffff&#8221; background_size=&#8221;initial&#8221; background_position=&#8221;top_left&#8221; background_repeat=&#8221;repeat&#8221; _i=&#8221;0&#8243; _address=&#8221;0.0.0.0&#8243;]<\/p>\n<h3>The Podengo portugu\u00eas<\/h3>\n<p>The Podengo Portugu\u00eas is from Portugal. It\u2019s believed to have it\u2019s origin from the old Egypt&#8217;s Pharaoh dog. This breed is mainly encountered for in the north of Portugal where it is used in hunting rabbits. There are three sizes of the Podengo Portugu\u00eas; grande, m\u00e9dio and pequeno. The biggest messures up to 70 cm and the smallest down to 20 cm at withers. They also have two types of coat, wire haired (cerdoso) and short haired (liso). The first Podengo Portugu\u00eas pequeno was imported to Sweden in 1997. Today you can find all three sizes of Podengo Portugu\u00eas in Sweden.<\/p>\n<p>If you want a small robust dog with lots of energy a Podengo Portugu\u00eas pequeno is a good choice. They are very easy to teach and suitable to many activities, for example agility, obedience, dog show and even Lure coursing (a form of artificial rabbit hunt). Naturally the Podengo is also a wonderful pet dog.<\/p>\n<p>The Podengo hunts with it\u2019s sight and keeps a reasonable distance to it\u2019s owner.<\/p>\n<p>The Podengo is a very healthy breed in general. Never the less some cases of the eye disease \u201dPRA\u201d, \u201dLuxating Patella\u201d, \u201dLegg Perthes\u201d and CECS &#8220;Canine Epileptoid Cramping Syndrome&#8221; have been found. When it comes to PRA we can do DNA tests for two of its variants to prevent at least those two variants to appear in our puppies.[\/et_pb_text][\/et_pb_column][\/et_pb_row][\/et_pb_section][et_pb_section fb_built=&#8221;1&#8243; _builder_version=&#8221;3.22&#8243; background_color=&#8221;#e02b20&#8243; fb_built=&#8221;1&#8243; _i=&#8221;1&#8243; _address=&#8221;1&#8243;][et_pb_row column_structure=&#8221;1_2,1_2&#8243; _builder_version=&#8221;3.25&#8243; _i=&#8221;0&#8243; _address=&#8221;1.0&#8243;][et_pb_column type=&#8221;1_2&#8243; _builder_version=&#8221;3.25&#8243; custom_padding=&#8221;|||&#8221; _i=&#8221;0&#8243; _address=&#8221;1.0.0&#8243; custom_padding__hover=&#8221;|||&#8221;][et_pb_cta title=&#8221;Podengo Portugu\u00eas breed standard&#8221; button_url=&#8221;https:\/\/krullets.se\/wp-content\/uploads\/2018\/11\/094g05-en.pdf&#8221; url_new_window=&#8221;on&#8221; button_text=&#8221;Open PDF&#8230;&#8221; _builder_version=&#8221;3.17.6&#8243; use_background_color=&#8221;off&#8221; custom_button=&#8221;on&#8221; button_font=&#8221;||||||||&#8221; button_icon=&#8221;%%208%%&#8221; _i=&#8221;0&#8243; _address=&#8221;1.0.0.0&#8243;]This button opens the official breed standard. The PDF file opens in a new window\/tab, please close this window to return.[\/et_pb_cta][et_pb_image src=&#8221;https:\/\/krullets.se\/wp-content\/uploads\/2018\/11\/Vera_l.jpg&#8221; align=&#8221;center&#8221; align_tablet=&#8221;center&#8221; align_last_edited=&#8221;on|desktop&#8221; _builder_version=&#8221;3.23&#8243; _i=&#8221;1&#8243; _address=&#8221;1.0.0.1&#8243;][\/et_pb_image][\/et_pb_column][et_pb_column type=&#8221;1_2&#8243; _builder_version=&#8221;3.25&#8243; custom_padding=&#8221;|||&#8221; _i=&#8221;1&#8243; _address=&#8221;1.0.1&#8243; custom_padding__hover=&#8221;|||&#8221;][et_pb_cta title=&#8221;RAS &#8211; Breed specific strategy for breeding&#8221; button_url=&#8221;https:\/\/krullets.se\/wp-content\/uploads\/2018\/11\/RAS.pdf&#8221; url_new_window=&#8221;on&#8221; button_text=&#8221;Open PDF&#8230;&#8221; _builder_version=&#8221;3.17.6&#8243; use_background_color=&#8221;off&#8221; custom_button=&#8221;on&#8221; button_font=&#8221;||||||||&#8221; button_icon=&#8221;%%208%%&#8221; link_option_url_new_window=&#8221;on&#8221; _i=&#8221;0&#8243; _address=&#8221;1.0.1.0&#8243;]This PDF document is only available in the Swedish language. Please close this window to return after reading.[\/et_pb_cta][et_pb_image src=&#8221;https:\/\/krullets.se\/wp-content\/uploads\/2018\/11\/Klara_l.jpg&#8221; align=&#8221;center&#8221; align_tablet=&#8221;center&#8221; align_last_edited=&#8221;on|desktop&#8221; _builder_version=&#8221;3.23&#8243; _i=&#8221;1&#8243; _address=&#8221;1.0.1.1&#8243;][\/et_pb_image][\/et_pb_column][\/et_pb_row][\/et_pb_section]<\/p>\n","protected":false},"excerpt":{"rendered":"<p>The Podengo portugu\u00eas The Podengo Portugu\u00eas is from Portugal. It\u2019s believed to have it\u2019s origin from the old Egypt&#8217;s Pharaoh dog. This breed is mainly encountered for in the north of Portugal where it is used in hunting rabbits. There are three sizes of the Podengo Portugu\u00eas; grande, m\u00e9dio and pequeno. The biggest messures up [&hellip;]<\/p>\n","protected":false},"author":1,"featured_media":0,"parent":0,"menu_order":0,"comment_status":"closed","ping_status":"closed","template":"","meta":{"_et_pb_use_builder":"on","_et_pb_old_content":"<!-- wp:heading {\"level\":3} -->\n<h3>Podengo portugu\u00eas, pequeno<\/h3>\n<!-- \/wp:heading -->\n\n<!-- wp:paragraph -->\n<p>Kort fakta om rasen: Podengo portugu\u00eas kommer ifr\u00e5n Portugal. Man tror att de har sitt ursprung fr\u00e5n gamla egyptiska vinthundar. Podengon \u00e4r vanligast i norra delen av Portugal, d\u00e4r den anv\u00e4nds till jakt, fr\u00e4mst kaninjakt. Det finns tre olika storlekar av podengo portugu\u00eas; grande (stor), m\u00e9dio (mellan) och pequeno (liten). Den st\u00f6rsta kan vara upp till 70 cm och den minsta ner till 20 cm i mankh\u00f6jd. Det finns dessutom tv\u00e5 olika sorters p\u00e4lstyper, en str\u00e4vh\u00e5rig variant (cerdoso) och en sl\u00e4th\u00e5rig variant (liso). P\u00e5 1950-talet kom tv\u00e5 podengohundar till Sverige, man \u00e4r dock inte s\u00e4ker p\u00e5 om det verkligen var av rasen podengo portugu\u00eas eller om det var podenco ibicenco, som \u00e4r snarlik den stora varianten av podengo portugu\u00eas. Hur som helst s\u00e5 har podengon inte funnnits i Sverige f\u00f6rr\u00e4n en podengo portugu\u00eas pequeno importerades 1997. Idag finns alla tre storlekarna i Sverige. Om man vill ha en liten hund som \u00e4nd\u00e5 t\u00e5l en hel del och som har mycket energi, s\u00e5 \u00e4r en podengo portugu\u00eas pequeno ett bra val. Klicka&nbsp;<a href=\"http:\/\/www.skk.se\/Global\/Dokument\/Rasstandarder\/standard-podengo-portugues-fci94.pdf?epslanguage=sv\">h\u00e4r<\/a>&nbsp;om du villl l\u00e4sa rasstandarden f\u00f6r Podengo Portugu\u00eas<\/p>\n<!-- \/wp:paragraph -->","_et_gb_content_width":"","footnotes":""},"class_list":["post-25048","page","type-page","status-publish","hentry"],"_links":{"self":[{"href":"https:\/\/krullets.se\/en\/wp-json\/wp\/v2\/pages\/25048","targetHints":{"allow":["GET"]}}],"collection":[{"href":"https:\/\/krullets.se\/en\/wp-json\/wp\/v2\/pages"}],"about":[{"href":"https:\/\/krullets.se\/en\/wp-json\/wp\/v2\/types\/page"}],"author":[{"embeddable":true,"href":"https:\/\/krullets.se\/en\/wp-json\/wp\/v2\/users\/1"}],"replies":[{"embeddable":true,"href":"https:\/\/krullets.se\/en\/wp-json\/wp\/v2\/comments?post=25048"}],"version-history":[{"count":28,"href":"https:\/\/krullets.se\/en\/wp-json\/wp\/v2\/pages\/25048\/revisions"}],"predecessor-version":[{"id":26729,"href":"https:\/\/krullets.se\/en\/wp-json\/wp\/v2\/pages\/25048\/revisions\/26729"}],"wp:attachment":[{"href":"https:\/\/krullets.se\/en\/wp-json\/wp\/v2\/media?parent=25048"}],"curies":[{"name":"wp","href":"https:\/\/api.w.org\/{rel}","templated":true}]}}