{"id":25700,"date":"2018-11-25T17:22:26","date_gmt":"2018-11-25T16:22:26","guid":{"rendered":"https:\/\/dev.krullets.se\/contact\/"},"modified":"2021-11-10T06:29:04","modified_gmt":"2021-11-10T05:29:04","slug":"contact","status":"publish","type":"page","link":"https:\/\/krullets.se\/en\/contact\/","title":{"rendered":"Contact"},"content":{"rendered":"<p>[et_pb_section fb_built=&#8221;1&#8243; admin_label=&#8221;section&#8221; _builder_version=&#8221;3.22&#8243; custom_padding=&#8221;54px|0px|54px|0px|false|false&#8221; global_colors_info=&#8221;{}&#8221;][et_pb_row _builder_version=&#8221;3.25&#8243; custom_padding=&#8221;25px|0px|25.59375px|0px|false|false&#8221; global_colors_info=&#8221;{}&#8221;][et_pb_column type=&#8221;4_4&#8243; _builder_version=&#8221;3.25&#8243; custom_padding=&#8221;|||&#8221; global_colors_info=&#8221;{}&#8221; custom_padding__hover=&#8221;|||&#8221;][et_pb_blurb title=&#8221;Our contacts&#8221; use_icon=&#8221;on&#8221; font_icon=&#8221;&#xe074;||divi||400&#8243; content_max_width=&#8221;1100px&#8221; _builder_version=&#8221;4.13.0&#8243; text_orientation=&#8221;center&#8221; global_colors_info=&#8221;{}&#8221; custom_padding=&#8221;||15px|||&#8221;][\/et_pb_blurb][\/et_pb_column][\/et_pb_row][et_pb_row _builder_version=&#8221;3.25&#8243; global_colors_info=&#8221;{}&#8221;][et_pb_column type=&#8221;4_4&#8243; _builder_version=&#8221;3.25&#8243; custom_padding=&#8221;|||&#8221; global_colors_info=&#8221;{}&#8221; custom_padding__hover=&#8221;|||&#8221;][\/et_pb_column][\/et_pb_row][et_pb_row column_structure=&#8221;1_4,1_4,1_4,1_4&#8243; _builder_version=&#8221;3.25&#8243; custom_padding=&#8221;27px|0px|25px|0px|false|false&#8221; global_colors_info=&#8221;{}&#8221;][et_pb_column type=&#8221;1_4&#8243; _builder_version=&#8221;3.25&#8243; custom_padding=&#8221;|||&#8221; global_colors_info=&#8221;{}&#8221; custom_padding__hover=&#8221;|||&#8221;][et_pb_blurb title=&#8221;Address&#8221; use_icon=&#8221;on&#8221; font_icon=&#8221;&#xe01d;||divi||400&#8243; icon_placement=&#8221;left&#8221; image_icon_width=&#8221;50px&#8221; _builder_version=&#8221;4.13.0&#8243; icon_font_size=&#8221;50px&#8221; global_colors_info=&#8221;{}&#8221;]Tre byars v\u00e4g 145<br \/>\n761 74 Norrt\u00e4lje<br \/>\nSweden[\/et_pb_blurb][\/et_pb_column][et_pb_column type=&#8221;1_4&#8243; _builder_version=&#8221;3.25&#8243; custom_padding=&#8221;|||&#8221; global_colors_info=&#8221;{}&#8221; custom_padding__hover=&#8221;|||&#8221;][et_pb_blurb title=&#8221;Susanne P\u00e4rson&#8221; use_icon=&#8221;on&#8221; font_icon=&#8221;&#xe00b;||divi||400&#8243; icon_color=&#8221;#e02b20&#8243; icon_placement=&#8221;left&#8221; image_icon_width=&#8221;50px&#8221; _builder_version=&#8221;4.13.0&#8243; icon_font_size=&#8221;50px&#8221; global_colors_info=&#8221;{}&#8221;]+46706580540<\/p>\n<p>&nbsp;[\/et_pb_blurb][\/et_pb_column][et_pb_column type=&#8221;1_4&#8243; _builder_version=&#8221;3.25&#8243; custom_padding=&#8221;|||&#8221; global_colors_info=&#8221;{}&#8221; custom_padding__hover=&#8221;|||&#8221;][et_pb_blurb title=&#8221;\u00c5ke Esperi&#8221; use_icon=&#8221;on&#8221; font_icon=&#8221;&#xe00b;||divi||400&#8243; icon_placement=&#8221;left&#8221; image_icon_width=&#8221;50px&#8221; _builder_version=&#8221;4.13.0&#8243; icon_font_size=&#8221;50px&#8221; global_colors_info=&#8221;{}&#8221;]+46706801680[\/et_pb_blurb][\/et_pb_column][et_pb_column type=&#8221;1_4&#8243; _builder_version=&#8221;3.25&#8243; custom_padding=&#8221;|||&#8221; global_colors_info=&#8221;{}&#8221; custom_padding__hover=&#8221;|||&#8221;][et_pb_blurb title=&#8221;E-mail&#8221; use_icon=&#8221;on&#8221; font_icon=&#8221;&#xe010;||divi||400&#8243; icon_color=&#8221;#e02b20&#8243; icon_placement=&#8221;left&#8221; image_icon_width=&#8221;50px&#8221; _builder_version=&#8221;4.13.0&#8243; body_font=&#8221;||||||||&#8221; body_text_color=&#8221;#000000&#8243; icon_font_size=&#8221;50px&#8221; global_colors_info=&#8221;{}&#8221;]<a href=\"mailto:info@krullets.se\">info@krullets.se<\/a><\/p>\n<p>&nbsp;[\/et_pb_blurb][\/et_pb_column][\/et_pb_row][et_pb_row _builder_version=&#8221;3.25&#8243; global_colors_info=&#8221;{}&#8221;][et_pb_column type=&#8221;4_4&#8243; _builder_version=&#8221;3.25&#8243; custom_padding=&#8221;|||&#8221; global_colors_info=&#8221;{}&#8221; custom_padding__hover=&#8221;|||&#8221;][et_pb_blurb title=&#8221;You have the possibility to follow us on social media with the icons below.&#8221; use_icon=&#8221;on&#8221; font_icon=&#8221;&#xe00e;||divi||400&#8243; icon_color=&#8221;#e02b20&#8243; content_max_width=&#8221;1100px&#8221; _builder_version=&#8221;4.13.0&#8243; header_font=&#8221;||||||||&#8221; header_text_align=&#8221;center&#8221; global_colors_info=&#8221;{}&#8221;][\/et_pb_blurb][et_pb_social_media_follow _builder_version=&#8221;3.17.6&#8243; text_orientation=&#8221;center&#8221; global_colors_info=&#8221;{}&#8221;][et_pb_social_media_follow_network social_network=&#8221;instagram&#8221; url=&#8221;https:\/\/instagram.com\/krullets.kennel&#8221; _builder_version=&#8221;3.17.6&#8243; background_color=&#8221;#086600&#8243; global_colors_info=&#8221;{}&#8221; follow_button=&#8221;off&#8221; url_new_window=&#8221;on&#8221;]instagram[\/et_pb_social_media_follow_network][et_pb_social_media_follow_network social_network=&#8221;facebook&#8221; url=&#8221;https:\/\/facebook.com\/krullets.kennel&#8221; _builder_version=&#8221;3.17.6&#8243; background_color=&#8221;#e02b20&#8243; global_colors_info=&#8221;{}&#8221; follow_button=&#8221;off&#8221; url_new_window=&#8221;on&#8221;]facebook[\/et_pb_social_media_follow_network][\/et_pb_social_media_follow][\/et_pb_column][\/et_pb_row][\/et_pb_section][et_pb_section fb_built=&#8221;1&#8243; _builder_version=&#8221;3.22&#8243; background_color=&#8221;#086600&#8243; global_colors_info=&#8221;{}&#8221;][et_pb_row use_custom_gutter=&#8221;on&#8221; gutter_width=&#8221;1&#8243; module_class=&#8221; et_pb_row_fullwidth&#8221; _builder_version=&#8221;3.25&#8243; width=&#8221;100%&#8221; width_tablet=&#8221;100%&#8221; width_phone=&#8221;&#8221; width_last_edited=&#8221;on|desktop&#8221; max_width=&#8221;100%&#8221; max_width_tablet=&#8221;100%&#8221; max_width_phone=&#8221;&#8221; max_width_last_edited=&#8221;on|desktop&#8221; custom_padding=&#8221;50px|0px|50px|0px|false|false&#8221; make_fullwidth=&#8221;on&#8221; global_colors_info=&#8221;{}&#8221;][et_pb_column type=&#8221;4_4&#8243; _builder_version=&#8221;3.25&#8243; custom_padding=&#8221;|||&#8221; global_colors_info=&#8221;{}&#8221; custom_padding__hover=&#8221;|||&#8221;][et_pb_map address=&#8221;Tre byars v\u00e4g 145, 761 74 Norrt\u00e4lje, Sverige&#8221; zoom_level=&#8221;13&#8243; address_lat=&#8221;59.850085&#8243; address_lng=&#8221;18.683216&#8243; _builder_version=&#8221;3.17.6&#8243; global_colors_info=&#8221;{}&#8221;][et_pb_map_pin title=&#8221;Krullets Kennel&#8221; pin_address=&#8221;Tre byars v\u00e4g 145, 761 74 Norrt\u00e4lje, Sverige&#8221; zoom_level=&#8221;8&#8243; pin_address_lat=&#8221;59.850085&#8243; pin_address_lng=&#8221;18.683216&#8243; _builder_version=&#8221;3.17.6&#8243; global_colors_info=&#8221;{}&#8221;]Tre byars v\u00e4g 145[\/et_pb_map_pin][\/et_pb_map][\/et_pb_column][\/et_pb_row][\/et_pb_section]<\/p>\n","protected":false},"excerpt":{"rendered":"<p>Tre byars v\u00e4g 145 761 74 Norrt\u00e4lje Sweden+46706580540 &nbsp;+46706801680info@krullets.se &nbsp;Tre byars v\u00e4g 145<\/p>\n","protected":false},"author":1,"featured_media":0,"parent":0,"menu_order":0,"comment_status":"closed","ping_status":"closed","template":"","meta":{"_et_pb_use_builder":"on","_et_pb_old_content":"","_et_gb_content_width":"","footnotes":""},"class_list":["post-25700","page","type-page","status-publish","hentry"],"_links":{"self":[{"href":"https:\/\/krullets.se\/en\/wp-json\/wp\/v2\/pages\/25700","targetHints":{"allow":["GET"]}}],"collection":[{"href":"https:\/\/krullets.se\/en\/wp-json\/wp\/v2\/pages"}],"about":[{"href":"https:\/\/krullets.se\/en\/wp-json\/wp\/v2\/types\/page"}],"author":[{"embeddable":true,"href":"https:\/\/krullets.se\/en\/wp-json\/wp\/v2\/users\/1"}],"replies":[{"embeddable":true,"href":"https:\/\/krullets.se\/en\/wp-json\/wp\/v2\/comments?post=25700"}],"version-history":[{"count":29,"href":"https:\/\/krullets.se\/en\/wp-json\/wp\/v2\/pages\/25700\/revisions"}],"predecessor-version":[{"id":28017,"href":"https:\/\/krullets.se\/en\/wp-json\/wp\/v2\/pages\/25700\/revisions\/28017"}],"wp:attachment":[{"href":"https:\/\/krullets.se\/en\/wp-json\/wp\/v2\/media?parent=25700"}],"curies":[{"name":"wp","href":"https:\/\/api.w.org\/{rel}","templated":true}]}}